{"id":11406,"date":"2023-07-17T09:34:27","date_gmt":"2023-07-17T12:34:27","guid":{"rendered":"https:\/\/89fmjoinville.com\/site\/?page_id=11406"},"modified":"2024-01-11T16:10:04","modified_gmt":"2024-01-11T19:10:04","slug":"politica-de-privacidade","status":"publish","type":"page","link":"https:\/\/89fmjoinville.com\/site\/politica-de-privacidade\/","title":{"rendered":"Pol\u00edtica de Cookies"},"content":{"rendered":"<p>A presente Pol\u00edtica de Cookies \u00e9 um documento complementar \u00e0 Pol\u00edtica de Cookies da 89fm dispon\u00edvel no link: (link da pol\u00edtica de privacidade).<br \/>\nAqui, voc\u00ea encontrar\u00e1 informa\u00e7\u00f5es objetivas e claras sobre o que s\u00e3o Cookies, quais Cookies utilizamos em nossas aplica\u00e7\u00f5es e o papel desempenham e como configur\u00e1-los.<\/p>\n<h2><\/h2>\n<h2>1. O que s\u00e3o Cookies?<\/h2>\n<p>Cookies s\u00e3o pequenos arquivos de texto, ou fragmentos de informa\u00e7\u00e3o que podem ser baixados em seu computador, smartphone ou qualquer outro dispositivo com acesso \u00e0 internet quando voc\u00ea visita nossa aplica\u00e7\u00e3o.<\/p>\n<p>Eles cont\u00eam informa\u00e7\u00f5es sobre a sua navega\u00e7\u00e3o em nossas p\u00e1ginas e ret\u00eam apenas informa\u00e7\u00f5es relacionadas a suas prefer\u00eancias.<\/p>\n<p>Assim, essa p\u00e1gina consegue armazenar e recuperar os dados sobre os seus h\u00e1bitos de navega\u00e7\u00e3o, de forma a melhorar a experi\u00eancia de uso, por exemplo. \u00c9 importante frisar que eles n\u00e3o cont\u00eam informa\u00e7\u00f5es pessoais espec\u00edficas, como dados sens\u00edveis ou banc\u00e1rios.<\/p>\n<p>O seu navegador armazena os cookies no disco r\u00edgido, mas ocupam um espa\u00e7o de mem\u00f3ria m\u00ednimo, que n\u00e3o afetam o desempenho do seu computador.<br \/>\nA maioria das informa\u00e7\u00f5es s\u00e3o apagadas logo ao encerrar a sess\u00e3o, como voc\u00ea ver\u00e1 no pr\u00f3ximo t\u00f3pico.<\/p>\n<p><strong>1.1. Tipos de Cookies<br \/>\n<\/strong><br \/>\nOs cookies, quanto a seus propriet\u00e1rios, podem ser:<br \/>\n<strong>\u2022 1. Cookies propriet\u00e1rios:<\/strong> s\u00e3o cookies definidos pela 89fm, ou por terceiros em nosso nome.<br \/>\n<strong>\u2022 2. Cookies de terceiros:<\/strong> s\u00e3o cookies definidos por terceiros confi\u00e1veis em nossa aplica\u00e7\u00e3o.<\/p>\n<p>Os cookies, quanto ao seu tempo de vida, podem ser:<\/p>\n<p><strong>1. Cookies de sess\u00e3o ou tempor\u00e1rios:<\/strong> s\u00e3o cookies que expiram assim que voc\u00ea fecha o seu navegador, encerrando a sess\u00e3o.<br \/>\n<strong>2. Cookies persistentes ou permanentes:<\/strong> s\u00e3o cookies que permanecem no seu dispositivo durante um per\u00edodo determinado ou at\u00e9 que voc\u00ea os exclua.<\/p>\n<p>Os cookies, quanto a sua finalidade, podem ser:<\/p>\n<p><strong>1. Cookies necess\u00e1rios:<\/strong> s\u00e3o cookies essenciais que possibilitam a navega\u00e7\u00e3o em nossas aplica\u00e7\u00f5es e o acesso a todos os recursos; se estes, nossos servi\u00e7os podem apresentar mal desempenho ou n\u00e3o funcionar.<br \/>\n<strong>2. Cookies de funcionalidade:<\/strong> s\u00e3o cookies que memorizam suas prefer\u00eancias e escolhas (como seu nome de usu\u00e1rio).<br \/>\n<strong>3. Cookies de publicidade:<\/strong> s\u00e3o cookies que direcionam an\u00fancios em fun\u00e7\u00e3o dos seus interesses e limitam a quantidade de vezes que o an\u00fancio aparece.<\/p>\n<h2>2. Por que usamos Cookies?<\/h2>\n<p>A 89fm utiliza Cookies para fornecer a melhor experi\u00eancia de uso, tornando nossas aplica\u00e7\u00f5es mais f\u00e1ceis e personalizadas, tendo por base suas escolhas e comportamento de navega\u00e7\u00e3o.<\/p>\n<p>Assim, buscamos entender como voc\u00ea utiliza nossas aplica\u00e7\u00f5es e ajustar o conte\u00fado para torn\u00e1-lo mais relevante para voc\u00ea, al\u00e9m de lembrar de suas prefer\u00eancias.<\/p>\n<p>Os Cookies participam deste processo porquanto armazenam, leem e executam os dados necess\u00e1rios para cumprir com o nosso objetivo.<\/p>\n<h2>3. Que tipo de Cookies utilizamos?<\/h2>\n<p>A 89fm utiliza os seguintes Cookies do Google Analytics:<\/p>\n<p><strong>_ga_5WSQ8V5V34<\/strong><br \/>\n<strong>Expira\u00e7\u00e3o<\/strong><br \/>\n2 ano(s)<br \/>\n<strong>Regi\u00e3o<\/strong><br \/>\nEU,US,SA<br \/>\n<strong>Bloqueado<\/strong><br \/>\nN\u00e3o bloqueado<br \/>\n<strong>Origem<\/strong><br \/>\n<a href=\"https:\/\/www.googletagmanager.com\/gtag\/js?id=G-5WSQ8V5V34:260:1318\">https:\/\/www.googletagmanager.com\/gtag\/js?id=G-5WSQ8V5V34:260:1318<\/a><br \/>\n<strong>Descri\u00e7\u00e3o<\/strong><br \/>\nSem descri\u00e7\u00e3o<br \/>\n<strong>_ga<\/strong><br \/>\n<strong>Expira\u00e7\u00e3o<\/strong><br \/>\n2 ano(s)<br \/>\n<strong>Regi\u00e3o<\/strong><br \/>\nEU,US,SA<br \/>\n<strong>Bloqueado<\/strong><br \/>\nN\u00e3o bloqueado<br \/>\n<strong>Origem<\/strong><br \/>\n<a href=\"https:\/\/www.google-analytics.com\/analytics.js:27:585\">https:\/\/www.google-analytics.com\/analytics.js:27:585<\/a><br \/>\n<strong>Descri\u00e7\u00e3o<\/strong><br \/>\nSem descri\u00e7\u00e3o<br \/>\n<strong>_gid<\/strong><br \/>\n<strong>Expira\u00e7\u00e3o<\/strong><br \/>\n23 hora(s)<br \/>\n<strong>Regi\u00e3o<\/strong><br \/>\nEU,US,SA<br \/>\n<strong>Bloqueado<\/strong><br \/>\nN\u00e3o bloqueado<br \/>\n<strong>Origem<\/strong><br \/>\n<a href=\"https:\/\/www.google-analytics.com\/analytics.js:27:585\">https:\/\/www.google-analytics.com\/analytics.js:27:585<\/a><br \/>\n<strong>Descri\u00e7\u00e3o<\/strong><br \/>\nSem descri\u00e7\u00e3o<br \/>\n<strong>_gat_gtag_UA_38233220_1<\/strong><br \/>\n<strong>Expira\u00e7\u00e3o<\/strong><br \/>\n15 segundos(s)<br \/>\n<strong>Regi\u00e3o<\/strong><br \/>\nEU,US,SA<br \/>\n<strong>Bloqueado<\/strong><br \/>\nN\u00e3o bloqueado<br \/>\n<strong>Origem<\/strong><br \/>\n<a href=\"https:\/\/www.google-analytics.com\/analytics.js:27:585\">https:\/\/www.google-analytics.com\/analytics.js:27:585<\/a><br \/>\n<strong>Descri\u00e7\u00e3o<\/strong><br \/>\nSem descri\u00e7\u00e3o<\/p>\n<p>Al\u00e9m disso, uma vez que os Cookies capturam dados sobre voc\u00ea, aconselhamos a leitura de nossa Pol\u00edtica de Privacidade, dispon\u00edvel neste link <em>(link da pol\u00edtica de privacidade).<\/em><\/p>\n<h2>4. Gerenciamento dos Cookies<\/h2>\n<p>A instala\u00e7\u00e3o dos cookies est\u00e1 sujeita ao seu consentimento. Apesar da maioria dos navegadores estar inicialmente configurada para aceitar cookies de forma autom\u00e1tica, voc\u00ea pode rever suas permiss\u00f5es a qualquer tempo, de forma a bloque\u00e1-los, aceit\u00e1-los ou ativar notifica\u00e7\u00f5es para quando alguns cookies forem enviados ao seu dispositivo.<\/p>\n<p>Atualmente, na primeira vez que voc\u00ea acessa nossas aplica\u00e7\u00f5es, ser\u00e1 requerida a sua concord\u00e2ncia com a instala\u00e7\u00e3o destes. Apenas ap\u00f3s a sua aceita\u00e7\u00e3o eles ser\u00e3o ativados.<\/p>\n<p>Para tanto, utilizamos um sistema de (banner de informa\u00e7\u00f5es ou outro mecanismo que alerta e solicita o consentimento) na p\u00e1gina inicial da 89fm.<\/p>\n<p>Dessa maneira, n\u00e3o apenas solicitamos sua concord\u00e2ncia, mas tamb\u00e9m informamos que a navega\u00e7\u00e3o continuada em nossos sites ser\u00e1 entendida como consentimento.<\/p>\n<p>Como j\u00e1 dito, voc\u00ea pode, a qualquer tempo e sem nenhum custo, alterar as permiss\u00f5es, bloquear ou recusar os Cookies. Voc\u00ea tamb\u00e9m pode configur\u00e1-los caso a caso. Todavia, a revoga\u00e7\u00e3o do consentimento de determinados Cookies pode inviabilizar o funcionamento correto de alguns recursos da plataforma.<\/p>\n<p>Para gerenciar os cookies do seu navegador, basta faz\u00ea-lo diretamente nas configura\u00e7\u00f5es do navegador, na \u00e1rea de gest\u00e3o de Cookies.<\/p>\n<h2>5. Disposi\u00e7\u00f5es finais<\/h2>\n<p>Para a 89fm a privacidade e confian\u00e7a s\u00e3o fundamentais para a nossa rela\u00e7\u00e3o com voc\u00ea. Estamos sempre nos atualizando para manter os mais altos padr\u00f5es de seguran\u00e7a.<\/p>\n<p>Assim, reservamo-nos o direito de alterar esta Pol\u00edtica de Cookies a qualquer tempo. As mudan\u00e7as entrar\u00e3o em vigor logo ap\u00f3s a publica\u00e7\u00e3o, e voc\u00ea ser\u00e1 avisado.<\/p>\n<p>Ao continuar a navega\u00e7\u00e3o nas nossas aplica\u00e7\u00f5es ap\u00f3s essa mudan\u00e7a se tornar eficaz, voc\u00ea concorda com elas. Aconselhamos que voc\u00ea sempre verifique esta Pol\u00edtica, bem como a nossa Pol\u00edtica de Privacidade.<\/p>\n<p>Informamos tamb\u00e9m que n\u00e3o armazenamos em cookies nenhuma informa\u00e7\u00e3o dos formul\u00e1rios de contato, pois estas s\u00e3o armazenados diretamente no nosso banco de dados.<\/p>\n<p>Em caso de d\u00favidas sobre esta Pol\u00edtica de Cookies, entre em contato conosco pelo contato de nosso Encarregado de Dados atrav\u00e9s do e-mail: dpo@89fmjoinville.com.br<\/p>\n<p>Esta Pol\u00edtica de Cookies foi atualizada pela \u00faltima vez: 14\/08\/2023.<\/p>\n","protected":false},"excerpt":{"rendered":"<p>A presente Pol\u00edtica de Cookies \u00e9 um documento complementar \u00e0 Pol\u00edtica de Cookies da 89fm dispon\u00edvel no link: (link da pol\u00edtica de privacidade). Aqui, voc\u00ea encontrar\u00e1 informa\u00e7\u00f5es objetivas e claras sobre o que s\u00e3o Cookies, quais Cookies utilizamos em nossas aplica\u00e7\u00f5es e o papel desempenham e como configur\u00e1-los. 1. O que s\u00e3o Cookies? Cookies s\u00e3o&#8230;<\/p>\n","protected":false},"author":1,"featured_media":0,"parent":0,"menu_order":0,"comment_status":"closed","ping_status":"closed","template":"","meta":{"_acf_changed":false,"footnotes":""},"class_list":["post-11406","page","type-page","status-publish","hentry"],"acf":[],"yoast_head":"<!-- This site is optimized with the Yoast SEO plugin v26.0 - https:\/\/yoast.com\/wordpress\/plugins\/seo\/ -->\n<title>Pol\u00edtica de Cookies - 89FM<\/title>\n<meta name=\"robots\" content=\"index, follow, max-snippet:-1, max-image-preview:large, max-video-preview:-1\" \/>\n<link rel=\"canonical\" href=\"https:\/\/89fmjoinville.com\/site\/politica-de-privacidade\/\" \/>\n<meta property=\"og:locale\" content=\"pt_BR\" \/>\n<meta property=\"og:type\" content=\"article\" \/>\n<meta property=\"og:title\" content=\"Pol\u00edtica de Cookies - 89FM\" \/>\n<meta property=\"og:description\" content=\"A presente Pol\u00edtica de Cookies \u00e9 um documento complementar \u00e0 Pol\u00edtica de Cookies da 89fm dispon\u00edvel no link: (link da pol\u00edtica de privacidade). Aqui, voc\u00ea encontrar\u00e1 informa\u00e7\u00f5es objetivas e claras sobre o que s\u00e3o Cookies, quais Cookies utilizamos em nossas aplica\u00e7\u00f5es e o papel desempenham e como configur\u00e1-los. 1. O que s\u00e3o Cookies? Cookies s\u00e3o...\" \/>\n<meta property=\"og:url\" content=\"https:\/\/89fmjoinville.com\/site\/politica-de-privacidade\/\" \/>\n<meta property=\"og:site_name\" content=\"89FM\" \/>\n<meta property=\"article:modified_time\" content=\"2024-01-11T19:10:04+00:00\" \/>\n<meta name=\"twitter:card\" content=\"summary_large_image\" \/>\n<meta name=\"twitter:label1\" content=\"Est. tempo de leitura\" \/>\n\t<meta name=\"twitter:data1\" content=\"5 minutos\" \/>\n<script type=\"application\/ld+json\" class=\"yoast-schema-graph\">{\"@context\":\"https:\/\/schema.org\",\"@graph\":[{\"@type\":\"WebPage\",\"@id\":\"https:\/\/89fmjoinville.com\/site\/politica-de-privacidade\/\",\"url\":\"https:\/\/89fmjoinville.com\/site\/politica-de-privacidade\/\",\"name\":\"Pol\u00edtica de Cookies - 89FM\",\"isPartOf\":{\"@id\":\"https:\/\/89fmjoinville.com\/site\/#website\"},\"datePublished\":\"2023-07-17T12:34:27+00:00\",\"dateModified\":\"2024-01-11T19:10:04+00:00\",\"breadcrumb\":{\"@id\":\"https:\/\/89fmjoinville.com\/site\/politica-de-privacidade\/#breadcrumb\"},\"inLanguage\":\"pt-BR\",\"potentialAction\":[{\"@type\":\"ReadAction\",\"target\":[\"https:\/\/89fmjoinville.com\/site\/politica-de-privacidade\/\"]}]},{\"@type\":\"BreadcrumbList\",\"@id\":\"https:\/\/89fmjoinville.com\/site\/politica-de-privacidade\/#breadcrumb\",\"itemListElement\":[{\"@type\":\"ListItem\",\"position\":1,\"name\":\"Home\",\"item\":\"https:\/\/89fmjoinville.com\/site\/\"},{\"@type\":\"ListItem\",\"position\":2,\"name\":\"Pol\u00edtica de Cookies\"}]},{\"@type\":\"WebSite\",\"@id\":\"https:\/\/89fmjoinville.com\/site\/#website\",\"url\":\"https:\/\/89fmjoinville.com\/site\/\",\"name\":\"89FM\",\"description\":\"\",\"potentialAction\":[{\"@type\":\"SearchAction\",\"target\":{\"@type\":\"EntryPoint\",\"urlTemplate\":\"https:\/\/89fmjoinville.com\/site\/?s={search_term_string}\"},\"query-input\":{\"@type\":\"PropertyValueSpecification\",\"valueRequired\":true,\"valueName\":\"search_term_string\"}}],\"inLanguage\":\"pt-BR\"}]}<\/script>\n<!-- \/ Yoast SEO plugin. -->","yoast_head_json":{"title":"Pol\u00edtica de Cookies - 89FM","robots":{"index":"index","follow":"follow","max-snippet":"max-snippet:-1","max-image-preview":"max-image-preview:large","max-video-preview":"max-video-preview:-1"},"canonical":"https:\/\/89fmjoinville.com\/site\/politica-de-privacidade\/","og_locale":"pt_BR","og_type":"article","og_title":"Pol\u00edtica de Cookies - 89FM","og_description":"A presente Pol\u00edtica de Cookies \u00e9 um documento complementar \u00e0 Pol\u00edtica de Cookies da 89fm dispon\u00edvel no link: (link da pol\u00edtica de privacidade). Aqui, voc\u00ea encontrar\u00e1 informa\u00e7\u00f5es objetivas e claras sobre o que s\u00e3o Cookies, quais Cookies utilizamos em nossas aplica\u00e7\u00f5es e o papel desempenham e como configur\u00e1-los. 1. O que s\u00e3o Cookies? Cookies s\u00e3o...","og_url":"https:\/\/89fmjoinville.com\/site\/politica-de-privacidade\/","og_site_name":"89FM","article_modified_time":"2024-01-11T19:10:04+00:00","twitter_card":"summary_large_image","twitter_misc":{"Est. tempo de leitura":"5 minutos"},"schema":{"@context":"https:\/\/schema.org","@graph":[{"@type":"WebPage","@id":"https:\/\/89fmjoinville.com\/site\/politica-de-privacidade\/","url":"https:\/\/89fmjoinville.com\/site\/politica-de-privacidade\/","name":"Pol\u00edtica de Cookies - 89FM","isPartOf":{"@id":"https:\/\/89fmjoinville.com\/site\/#website"},"datePublished":"2023-07-17T12:34:27+00:00","dateModified":"2024-01-11T19:10:04+00:00","breadcrumb":{"@id":"https:\/\/89fmjoinville.com\/site\/politica-de-privacidade\/#breadcrumb"},"inLanguage":"pt-BR","potentialAction":[{"@type":"ReadAction","target":["https:\/\/89fmjoinville.com\/site\/politica-de-privacidade\/"]}]},{"@type":"BreadcrumbList","@id":"https:\/\/89fmjoinville.com\/site\/politica-de-privacidade\/#breadcrumb","itemListElement":[{"@type":"ListItem","position":1,"name":"Home","item":"https:\/\/89fmjoinville.com\/site\/"},{"@type":"ListItem","position":2,"name":"Pol\u00edtica de Cookies"}]},{"@type":"WebSite","@id":"https:\/\/89fmjoinville.com\/site\/#website","url":"https:\/\/89fmjoinville.com\/site\/","name":"89FM","description":"","potentialAction":[{"@type":"SearchAction","target":{"@type":"EntryPoint","urlTemplate":"https:\/\/89fmjoinville.com\/site\/?s={search_term_string}"},"query-input":{"@type":"PropertyValueSpecification","valueRequired":true,"valueName":"search_term_string"}}],"inLanguage":"pt-BR"}]}},"_links":{"self":[{"href":"https:\/\/89fmjoinville.com\/site\/wp-json\/wp\/v2\/pages\/11406","targetHints":{"allow":["GET"]}}],"collection":[{"href":"https:\/\/89fmjoinville.com\/site\/wp-json\/wp\/v2\/pages"}],"about":[{"href":"https:\/\/89fmjoinville.com\/site\/wp-json\/wp\/v2\/types\/page"}],"author":[{"embeddable":true,"href":"https:\/\/89fmjoinville.com\/site\/wp-json\/wp\/v2\/users\/1"}],"replies":[{"embeddable":true,"href":"https:\/\/89fmjoinville.com\/site\/wp-json\/wp\/v2\/comments?post=11406"}],"version-history":[{"count":5,"href":"https:\/\/89fmjoinville.com\/site\/wp-json\/wp\/v2\/pages\/11406\/revisions"}],"predecessor-version":[{"id":12603,"href":"https:\/\/89fmjoinville.com\/site\/wp-json\/wp\/v2\/pages\/11406\/revisions\/12603"}],"wp:attachment":[{"href":"https:\/\/89fmjoinville.com\/site\/wp-json\/wp\/v2\/media?parent=11406"}],"curies":[{"name":"wp","href":"https:\/\/api.w.org\/{rel}","templated":true}]}}