{"id":239,"date":"2022-12-13T18:08:02","date_gmt":"2022-12-13T21:08:02","guid":{"rendered":"http:\/\/89fmjoinville.com\/site\/?page_id=239"},"modified":"2022-12-14T11:49:57","modified_gmt":"2022-12-14T14:49:57","slug":"contato-comercial","status":"publish","type":"page","link":"https:\/\/89fmjoinville.com\/site\/contato-comercial\/","title":{"rendered":"Comercial"},"content":{"rendered":"<h4>Voc\u00ea Sabia?<\/h4>\n<p><i class=\"fas fa-check\"><\/i>\u00a0Voc\u00ea sabia que o r\u00e1dio \u00e9 a m\u00eddia mais barata em compara\u00e7\u00e3o com TV, jornal e internet?<\/p>\n<p><i class=\"fas fa-check\"><\/i>\u00a0O r\u00e1dio tamb\u00e9m \u00e9 o meio de comunica\u00e7\u00e3o mais abrangente e popular que existe.<\/p>\n<p><i class=\"fas fa-check\"><\/i>\u00a0No r\u00e1dio a informa\u00e7\u00e3o \u00e9 sempre mais r\u00e1pida e direta. Al\u00e9m disso o r\u00e1dio consegue ao mesmo tempo informar e divertir.<\/p>\n<p><i class=\"fas fa-check\"><\/i>\u00a0O r\u00e1dio est\u00e1 presente em 90% dos lares brasileiros.<\/p>\n<p><i class=\"fas fa-check\"><\/i>\u00a0As emissoras que misturam m\u00fasica e informa\u00e7\u00e3o, como n\u00f3s na 89FM, s\u00e3o as preferidas por 92% dos ouvintes.<\/p>\n<p><i class=\"fas fa-check\"><\/i>\u00a0Voc\u00ea sabia que 73% das pessoas afirmam que ouvem r\u00e1dio todos os dias.<\/p>\n<p><i class=\"fas fa-check\"><\/i>\u00a0A 89FM \u00e9 l\u00edder geral do IBOPE em Joinville e regi\u00e3o.<\/p>\n<p><i class=\"fas fa-check\"><\/i>\u00a0A 89FM tamb\u00e9m \u00e9 l\u00edder de audi\u00eancia nas transmiss\u00f5es dos jogos do JEC.<\/p>\n","protected":false},"excerpt":{"rendered":"<p>Voc\u00ea Sabia? \u00a0Voc\u00ea sabia que o r\u00e1dio \u00e9 a m\u00eddia mais barata em compara\u00e7\u00e3o com TV, jornal e internet? \u00a0O r\u00e1dio tamb\u00e9m \u00e9 o meio de comunica\u00e7\u00e3o mais abrangente e popular que existe. \u00a0No r\u00e1dio a informa\u00e7\u00e3o \u00e9 sempre mais r\u00e1pida e direta. Al\u00e9m disso o r\u00e1dio consegue ao mesmo tempo informar e divertir. \u00a0O&#8230;<\/p>\n","protected":false},"author":1,"featured_media":0,"parent":0,"menu_order":0,"comment_status":"closed","ping_status":"closed","template":"","meta":{"_acf_changed":false,"footnotes":""},"class_list":["post-239","page","type-page","status-publish","hentry"],"acf":[],"yoast_head":"<!-- This site is optimized with the Yoast SEO plugin v26.0 - https:\/\/yoast.com\/wordpress\/plugins\/seo\/ -->\n<title>Comercial - 89FM<\/title>\n<meta name=\"robots\" content=\"index, follow, max-snippet:-1, max-image-preview:large, max-video-preview:-1\" \/>\n<link rel=\"canonical\" href=\"https:\/\/89fmjoinville.com\/site\/contato-comercial\/\" \/>\n<meta property=\"og:locale\" content=\"pt_BR\" \/>\n<meta property=\"og:type\" content=\"article\" \/>\n<meta property=\"og:title\" content=\"Comercial - 89FM\" \/>\n<meta property=\"og:description\" content=\"Voc\u00ea Sabia? \u00a0Voc\u00ea sabia que o r\u00e1dio \u00e9 a m\u00eddia mais barata em compara\u00e7\u00e3o com TV, jornal e internet? \u00a0O r\u00e1dio tamb\u00e9m \u00e9 o meio de comunica\u00e7\u00e3o mais abrangente e popular que existe. \u00a0No r\u00e1dio a informa\u00e7\u00e3o \u00e9 sempre mais r\u00e1pida e direta. Al\u00e9m disso o r\u00e1dio consegue ao mesmo tempo informar e divertir. \u00a0O...\" \/>\n<meta property=\"og:url\" content=\"https:\/\/89fmjoinville.com\/site\/contato-comercial\/\" \/>\n<meta property=\"og:site_name\" content=\"89FM\" \/>\n<meta property=\"article:modified_time\" content=\"2022-12-14T14:49:57+00:00\" \/>\n<meta name=\"twitter:card\" content=\"summary_large_image\" \/>\n<meta name=\"twitter:label1\" content=\"Est. tempo de leitura\" \/>\n\t<meta name=\"twitter:data1\" content=\"1 minuto\" \/>\n<script type=\"application\/ld+json\" class=\"yoast-schema-graph\">{\"@context\":\"https:\/\/schema.org\",\"@graph\":[{\"@type\":\"WebPage\",\"@id\":\"https:\/\/89fmjoinville.com\/site\/contato-comercial\/\",\"url\":\"https:\/\/89fmjoinville.com\/site\/contato-comercial\/\",\"name\":\"Comercial - 89FM\",\"isPartOf\":{\"@id\":\"https:\/\/89fmjoinville.com\/site\/#website\"},\"datePublished\":\"2022-12-13T21:08:02+00:00\",\"dateModified\":\"2022-12-14T14:49:57+00:00\",\"breadcrumb\":{\"@id\":\"https:\/\/89fmjoinville.com\/site\/contato-comercial\/#breadcrumb\"},\"inLanguage\":\"pt-BR\",\"potentialAction\":[{\"@type\":\"ReadAction\",\"target\":[\"https:\/\/89fmjoinville.com\/site\/contato-comercial\/\"]}]},{\"@type\":\"BreadcrumbList\",\"@id\":\"https:\/\/89fmjoinville.com\/site\/contato-comercial\/#breadcrumb\",\"itemListElement\":[{\"@type\":\"ListItem\",\"position\":1,\"name\":\"Home\",\"item\":\"https:\/\/89fmjoinville.com\/site\/\"},{\"@type\":\"ListItem\",\"position\":2,\"name\":\"Comercial\"}]},{\"@type\":\"WebSite\",\"@id\":\"https:\/\/89fmjoinville.com\/site\/#website\",\"url\":\"https:\/\/89fmjoinville.com\/site\/\",\"name\":\"89FM\",\"description\":\"\",\"potentialAction\":[{\"@type\":\"SearchAction\",\"target\":{\"@type\":\"EntryPoint\",\"urlTemplate\":\"https:\/\/89fmjoinville.com\/site\/?s={search_term_string}\"},\"query-input\":{\"@type\":\"PropertyValueSpecification\",\"valueRequired\":true,\"valueName\":\"search_term_string\"}}],\"inLanguage\":\"pt-BR\"}]}<\/script>\n<!-- \/ Yoast SEO plugin. -->","yoast_head_json":{"title":"Comercial - 89FM","robots":{"index":"index","follow":"follow","max-snippet":"max-snippet:-1","max-image-preview":"max-image-preview:large","max-video-preview":"max-video-preview:-1"},"canonical":"https:\/\/89fmjoinville.com\/site\/contato-comercial\/","og_locale":"pt_BR","og_type":"article","og_title":"Comercial - 89FM","og_description":"Voc\u00ea Sabia? \u00a0Voc\u00ea sabia que o r\u00e1dio \u00e9 a m\u00eddia mais barata em compara\u00e7\u00e3o com TV, jornal e internet? \u00a0O r\u00e1dio tamb\u00e9m \u00e9 o meio de comunica\u00e7\u00e3o mais abrangente e popular que existe. \u00a0No r\u00e1dio a informa\u00e7\u00e3o \u00e9 sempre mais r\u00e1pida e direta. Al\u00e9m disso o r\u00e1dio consegue ao mesmo tempo informar e divertir. \u00a0O...","og_url":"https:\/\/89fmjoinville.com\/site\/contato-comercial\/","og_site_name":"89FM","article_modified_time":"2022-12-14T14:49:57+00:00","twitter_card":"summary_large_image","twitter_misc":{"Est. tempo de leitura":"1 minuto"},"schema":{"@context":"https:\/\/schema.org","@graph":[{"@type":"WebPage","@id":"https:\/\/89fmjoinville.com\/site\/contato-comercial\/","url":"https:\/\/89fmjoinville.com\/site\/contato-comercial\/","name":"Comercial - 89FM","isPartOf":{"@id":"https:\/\/89fmjoinville.com\/site\/#website"},"datePublished":"2022-12-13T21:08:02+00:00","dateModified":"2022-12-14T14:49:57+00:00","breadcrumb":{"@id":"https:\/\/89fmjoinville.com\/site\/contato-comercial\/#breadcrumb"},"inLanguage":"pt-BR","potentialAction":[{"@type":"ReadAction","target":["https:\/\/89fmjoinville.com\/site\/contato-comercial\/"]}]},{"@type":"BreadcrumbList","@id":"https:\/\/89fmjoinville.com\/site\/contato-comercial\/#breadcrumb","itemListElement":[{"@type":"ListItem","position":1,"name":"Home","item":"https:\/\/89fmjoinville.com\/site\/"},{"@type":"ListItem","position":2,"name":"Comercial"}]},{"@type":"WebSite","@id":"https:\/\/89fmjoinville.com\/site\/#website","url":"https:\/\/89fmjoinville.com\/site\/","name":"89FM","description":"","potentialAction":[{"@type":"SearchAction","target":{"@type":"EntryPoint","urlTemplate":"https:\/\/89fmjoinville.com\/site\/?s={search_term_string}"},"query-input":{"@type":"PropertyValueSpecification","valueRequired":true,"valueName":"search_term_string"}}],"inLanguage":"pt-BR"}]}},"_links":{"self":[{"href":"https:\/\/89fmjoinville.com\/site\/wp-json\/wp\/v2\/pages\/239","targetHints":{"allow":["GET"]}}],"collection":[{"href":"https:\/\/89fmjoinville.com\/site\/wp-json\/wp\/v2\/pages"}],"about":[{"href":"https:\/\/89fmjoinville.com\/site\/wp-json\/wp\/v2\/types\/page"}],"author":[{"embeddable":true,"href":"https:\/\/89fmjoinville.com\/site\/wp-json\/wp\/v2\/users\/1"}],"replies":[{"embeddable":true,"href":"https:\/\/89fmjoinville.com\/site\/wp-json\/wp\/v2\/comments?post=239"}],"version-history":[{"count":9,"href":"https:\/\/89fmjoinville.com\/site\/wp-json\/wp\/v2\/pages\/239\/revisions"}],"predecessor-version":[{"id":271,"href":"https:\/\/89fmjoinville.com\/site\/wp-json\/wp\/v2\/pages\/239\/revisions\/271"}],"wp:attachment":[{"href":"https:\/\/89fmjoinville.com\/site\/wp-json\/wp\/v2\/media?parent=239"}],"curies":[{"name":"wp","href":"https:\/\/api.w.org\/{rel}","templated":true}]}}