{"id":48,"date":"2022-10-04T16:29:52","date_gmt":"2022-10-04T19:29:52","guid":{"rendered":"http:\/\/89fmjoinville.com\/site\/?page_id=48"},"modified":"2023-12-01T15:00:49","modified_gmt":"2023-12-01T18:00:49","slug":"a-radio","status":"publish","type":"page","link":"https:\/\/89fmjoinville.com\/site\/a-radio\/","title":{"rendered":"A R\u00e1dio"},"content":{"rendered":"<h3>R\u00e1dio 89FM Joinville<\/h3>\n<p>A 89FM consolidou-se no mercado por seu forte perfil popular e informativo. \u00c9 tamb\u00e9m a r\u00e1dio respons\u00e1vel pelos maiores e mais importantes shows.<\/p>\n<p>Uma legi\u00e3o de ouvintes liga o r\u00e1dio diariamente para conferir nossa programa\u00e7\u00e3o com muita m\u00fasica boa, al\u00e9m de sorteios e intera\u00e7\u00f5es di\u00e1rias com os ouvintes.<br \/>\nA programa\u00e7\u00e3o musical \u00e9 baseada no sertanejo universit\u00e1rio, pagode e grandes sucessos da m\u00fasica nacional, contando tamb\u00e9m com um jornalismo forte consolidado por sua grande audi\u00eancia.<\/p>\n<p><strong>Perfil do p\u00fablico:<br \/>\n<\/strong>A 89FM tem um p\u00fablico amplo e democr\u00e1tico, formado, em sua maioria, por homens e mulheres com mais de 20 anos. Com sua programa\u00e7\u00e3o popular, atinge todas as classes sociais, com abrang\u00eancia de 57,88% entre as classes A e B e outros 39,70% na classe C, reconhecidas pelo IBGE como as maiores consumidoras do mercado.<\/p>\n<h3 style=\"text-align: center;\">Departamento Art\u00edstico<\/h3>\n<p style=\"text-align: center;\">O departamento art\u00edstico e jornal\u00edstico foi reestruturado com o objetivo claro de formar a melhor equipe dentre as r\u00e1dios de Joinville. Para tanto, nomes consagrados foram trazidos de outras emissoras, acreditando no projeto da r\u00e1dio.<\/p>\n<h3 style=\"text-align: center;\">Coordenador Art\u00edstico<\/h3>\n<p style=\"text-align: center;\"><strong>NEY ROSA<\/strong><br \/>\n<a href=\"mailto:ney@89fmjoinville.com.br\">ney@89fmjoinville.com.br<\/a><\/p>\n<h3 style=\"text-align: center;\">Programador Musical<\/h3>\n<p style=\"text-align: center;\"><strong>ARTHUR FALK ROSA<\/strong><br \/>\narthur.frosa@gmail.com<\/p>\n","protected":false},"excerpt":{"rendered":"<p>R\u00e1dio 89FM Joinville A 89FM consolidou-se no mercado por seu forte perfil popular e informativo. \u00c9 tamb\u00e9m a r\u00e1dio respons\u00e1vel pelos maiores e mais importantes shows. Uma legi\u00e3o de ouvintes liga o r\u00e1dio diariamente para conferir nossa programa\u00e7\u00e3o com muita m\u00fasica boa, al\u00e9m de sorteios e intera\u00e7\u00f5es di\u00e1rias com os ouvintes. A programa\u00e7\u00e3o musical \u00e9&#8230;<\/p>\n","protected":false},"author":1,"featured_media":0,"parent":0,"menu_order":0,"comment_status":"closed","ping_status":"closed","template":"","meta":{"_acf_changed":false,"footnotes":""},"class_list":["post-48","page","type-page","status-publish","hentry"],"acf":[],"yoast_head":"<!-- This site is optimized with the Yoast SEO plugin v26.0 - https:\/\/yoast.com\/wordpress\/plugins\/seo\/ -->\n<title>A R\u00e1dio - 89FM<\/title>\n<meta name=\"robots\" content=\"index, follow, max-snippet:-1, max-image-preview:large, max-video-preview:-1\" \/>\n<link rel=\"canonical\" href=\"https:\/\/89fmjoinville.com\/site\/a-radio\/\" \/>\n<meta property=\"og:locale\" content=\"pt_BR\" \/>\n<meta property=\"og:type\" content=\"article\" \/>\n<meta property=\"og:title\" content=\"A R\u00e1dio - 89FM\" \/>\n<meta property=\"og:description\" content=\"R\u00e1dio 89FM Joinville A 89FM consolidou-se no mercado por seu forte perfil popular e informativo. \u00c9 tamb\u00e9m a r\u00e1dio respons\u00e1vel pelos maiores e mais importantes shows. Uma legi\u00e3o de ouvintes liga o r\u00e1dio diariamente para conferir nossa programa\u00e7\u00e3o com muita m\u00fasica boa, al\u00e9m de sorteios e intera\u00e7\u00f5es di\u00e1rias com os ouvintes. A programa\u00e7\u00e3o musical \u00e9...\" \/>\n<meta property=\"og:url\" content=\"https:\/\/89fmjoinville.com\/site\/a-radio\/\" \/>\n<meta property=\"og:site_name\" content=\"89FM\" \/>\n<meta property=\"article:modified_time\" content=\"2023-12-01T18:00:49+00:00\" \/>\n<meta name=\"twitter:card\" content=\"summary_large_image\" \/>\n<meta name=\"twitter:label1\" content=\"Est. tempo de leitura\" \/>\n\t<meta name=\"twitter:data1\" content=\"2 minutos\" \/>\n<script type=\"application\/ld+json\" class=\"yoast-schema-graph\">{\"@context\":\"https:\/\/schema.org\",\"@graph\":[{\"@type\":\"WebPage\",\"@id\":\"https:\/\/89fmjoinville.com\/site\/a-radio\/\",\"url\":\"https:\/\/89fmjoinville.com\/site\/a-radio\/\",\"name\":\"A R\u00e1dio - 89FM\",\"isPartOf\":{\"@id\":\"https:\/\/89fmjoinville.com\/site\/#website\"},\"datePublished\":\"2022-10-04T19:29:52+00:00\",\"dateModified\":\"2023-12-01T18:00:49+00:00\",\"breadcrumb\":{\"@id\":\"https:\/\/89fmjoinville.com\/site\/a-radio\/#breadcrumb\"},\"inLanguage\":\"pt-BR\",\"potentialAction\":[{\"@type\":\"ReadAction\",\"target\":[\"https:\/\/89fmjoinville.com\/site\/a-radio\/\"]}]},{\"@type\":\"BreadcrumbList\",\"@id\":\"https:\/\/89fmjoinville.com\/site\/a-radio\/#breadcrumb\",\"itemListElement\":[{\"@type\":\"ListItem\",\"position\":1,\"name\":\"Home\",\"item\":\"https:\/\/89fmjoinville.com\/site\/\"},{\"@type\":\"ListItem\",\"position\":2,\"name\":\"A R\u00e1dio\"}]},{\"@type\":\"WebSite\",\"@id\":\"https:\/\/89fmjoinville.com\/site\/#website\",\"url\":\"https:\/\/89fmjoinville.com\/site\/\",\"name\":\"89FM\",\"description\":\"\",\"potentialAction\":[{\"@type\":\"SearchAction\",\"target\":{\"@type\":\"EntryPoint\",\"urlTemplate\":\"https:\/\/89fmjoinville.com\/site\/?s={search_term_string}\"},\"query-input\":{\"@type\":\"PropertyValueSpecification\",\"valueRequired\":true,\"valueName\":\"search_term_string\"}}],\"inLanguage\":\"pt-BR\"}]}<\/script>\n<!-- \/ Yoast SEO plugin. -->","yoast_head_json":{"title":"A R\u00e1dio - 89FM","robots":{"index":"index","follow":"follow","max-snippet":"max-snippet:-1","max-image-preview":"max-image-preview:large","max-video-preview":"max-video-preview:-1"},"canonical":"https:\/\/89fmjoinville.com\/site\/a-radio\/","og_locale":"pt_BR","og_type":"article","og_title":"A R\u00e1dio - 89FM","og_description":"R\u00e1dio 89FM Joinville A 89FM consolidou-se no mercado por seu forte perfil popular e informativo. \u00c9 tamb\u00e9m a r\u00e1dio respons\u00e1vel pelos maiores e mais importantes shows. Uma legi\u00e3o de ouvintes liga o r\u00e1dio diariamente para conferir nossa programa\u00e7\u00e3o com muita m\u00fasica boa, al\u00e9m de sorteios e intera\u00e7\u00f5es di\u00e1rias com os ouvintes. A programa\u00e7\u00e3o musical \u00e9...","og_url":"https:\/\/89fmjoinville.com\/site\/a-radio\/","og_site_name":"89FM","article_modified_time":"2023-12-01T18:00:49+00:00","twitter_card":"summary_large_image","twitter_misc":{"Est. tempo de leitura":"2 minutos"},"schema":{"@context":"https:\/\/schema.org","@graph":[{"@type":"WebPage","@id":"https:\/\/89fmjoinville.com\/site\/a-radio\/","url":"https:\/\/89fmjoinville.com\/site\/a-radio\/","name":"A R\u00e1dio - 89FM","isPartOf":{"@id":"https:\/\/89fmjoinville.com\/site\/#website"},"datePublished":"2022-10-04T19:29:52+00:00","dateModified":"2023-12-01T18:00:49+00:00","breadcrumb":{"@id":"https:\/\/89fmjoinville.com\/site\/a-radio\/#breadcrumb"},"inLanguage":"pt-BR","potentialAction":[{"@type":"ReadAction","target":["https:\/\/89fmjoinville.com\/site\/a-radio\/"]}]},{"@type":"BreadcrumbList","@id":"https:\/\/89fmjoinville.com\/site\/a-radio\/#breadcrumb","itemListElement":[{"@type":"ListItem","position":1,"name":"Home","item":"https:\/\/89fmjoinville.com\/site\/"},{"@type":"ListItem","position":2,"name":"A R\u00e1dio"}]},{"@type":"WebSite","@id":"https:\/\/89fmjoinville.com\/site\/#website","url":"https:\/\/89fmjoinville.com\/site\/","name":"89FM","description":"","potentialAction":[{"@type":"SearchAction","target":{"@type":"EntryPoint","urlTemplate":"https:\/\/89fmjoinville.com\/site\/?s={search_term_string}"},"query-input":{"@type":"PropertyValueSpecification","valueRequired":true,"valueName":"search_term_string"}}],"inLanguage":"pt-BR"}]}},"_links":{"self":[{"href":"https:\/\/89fmjoinville.com\/site\/wp-json\/wp\/v2\/pages\/48","targetHints":{"allow":["GET"]}}],"collection":[{"href":"https:\/\/89fmjoinville.com\/site\/wp-json\/wp\/v2\/pages"}],"about":[{"href":"https:\/\/89fmjoinville.com\/site\/wp-json\/wp\/v2\/types\/page"}],"author":[{"embeddable":true,"href":"https:\/\/89fmjoinville.com\/site\/wp-json\/wp\/v2\/users\/1"}],"replies":[{"embeddable":true,"href":"https:\/\/89fmjoinville.com\/site\/wp-json\/wp\/v2\/comments?post=48"}],"version-history":[{"count":7,"href":"https:\/\/89fmjoinville.com\/site\/wp-json\/wp\/v2\/pages\/48\/revisions"}],"predecessor-version":[{"id":12409,"href":"https:\/\/89fmjoinville.com\/site\/wp-json\/wp\/v2\/pages\/48\/revisions\/12409"}],"wp:attachment":[{"href":"https:\/\/89fmjoinville.com\/site\/wp-json\/wp\/v2\/media?parent=48"}],"curies":[{"name":"wp","href":"https:\/\/api.w.org\/{rel}","templated":true}]}}